{"id":480,"date":"2024-02-14T09:42:25","date_gmt":"2024-02-14T06:42:25","guid":{"rendered":"https:\/\/bkmteknoloji.com\/?page_id=480"},"modified":"2024-02-14T11:51:59","modified_gmt":"2024-02-14T08:51:59","slug":"bkm-kaller-lansman-lcv","status":"publish","type":"page","link":"https:\/\/bkmteknoloji.com\/en_us\/bkm-kaller-lansman-lcv\/","title":{"rendered":"BKM | Kaller Launch RSVP"},"content":{"rendered":"<div class=\"vc_row wpb_row vc_row-fluid vc_row-o-content-top vc_row-flex\"><div class=\"wpb_column vc_column_container vc_col-sm-12\"><div class=\"vc_column-inner\"><div class=\"wpb_wrapper\"><div  class=\"vc_wp_text wpb_content_element\"><div class=\"widget widget_text\">\t\t\t<div class=\"textwidget\"><style type=\"text\/css\">#nex-forms{display:none;}<\/style>\n<div id=\"nf_form_76696\">\n<style type=\"text\/css\">\n<p>\t\t\t\t#nex-forms.lansman_lcv .nf-loader-lds-spinner div:after {background: #000; }\n\t\t\t\t#nex-forms.lansman_lcv .nf-loader-lds-grid div {background: #000; }\n\t\t\t\t#nex-forms.lansman_lcv .nf-loader-lds-ellipsis div { background: #000;}\n\t\t\t\t#nex-forms.lansman_lcv .nf-loader-lds-default div {background: #000;}\n\t\t\t\t#nex-forms.lansman_lcv .nf-loader-lds-roller div:after {background: #000;}\n\t\t\t\t#nex-forms.lansman_lcv .nf-loader-lds-heart div,\n\t\t\t\t#nex-forms.lansman_lcv .nf-loader-lds-heart div:after,\n\t\t\t\t#nex-forms.lansman_lcv .nf-loader-lds-heart div:before {background: #000;}<\/p>\n<p>\t\t\t\t#nex-forms.lansman_lcv .nf-loader-lds-facebook div {background: #000;}\n\t\t\t\t#nex-forms.lansman_lcv .nf-loader-lds-circle > div {background: #000;}<\/p>\n<p>\t\t\t\t#nex-forms.lansman_lcv .nf-loader-lds-dual-ring:after {border: 6px solid #000;border-color: #000 transparent #000 transparent;}\n\t\t\t\t#nex-forms.lansman_lcv .nf-loader-lds-ring div {border: 8px solid #000;border-color: #000 transparent transparent transparent;}\n\t\t\t\t#nex-forms.lansman_lcv .nf-loader-lds-hourglass:after {border: 32px solid #000;border-color: #000 transparent #000 transparent;}\n\t\t\t\t#nex-forms.lansman_lcv .nf-loader-lds-ripple div {border: 4px solid #000;}\n\t\t\t<\/style>\n<div id=\"nex-forms\" data-loader=\"roller\" data-msg-hide-form=\"yes\" data-msg-position=\"top\" data-msg-placement=\"outside\"  class=\"nex-forms lansman_lcv\">\n<div class=\"pre_fill_fields\"><\/div>\n<div class=\"set_form_theme theme-base\">\n<div class=\"nex_success_message msg_top msgv2 animated hidden\" style=\"display:none;\">\n<div class=\"nex_success_message_container\" style=\"background: #ffffff; box-shadow: #00000033 0px 7px 16px 0px; border-radius: 4px; padding: 30px; border-color: #dddddd;\">\n<div class=\"msg_text\">\n<div class=\"form_field all_fields icon html_fields wow bounceInUp\" style=\"margin-bottom: 15px\" id=\"_21501\" data-animation-name=\"bounceInUp\">\n<div class=\"edit_mask\"><\/div>\n<div class=\"icon_container_wrapper icon_center\">\n<div class=\"icon_container\" id=\"field_container\" style=\"border-width: 0px;background-color: transparent\">\n<div class=\"\">\n<div class=\"input_container\">\n<div class=\"the_input_element icon_element\" style=\"font-size: 50px;color: #8bc34a\"><span class=\"fas fa-check-circle\"><\/span><\/div><\/div><\/div><\/div><\/div><\/div>\n<div class=\"form_field all_fields html html_fields wow fadeInDown\" style=\"margin-bottom: 15px\" data-animation-name=\"fadeInDown\" data-wow-delay=\"0.5s\" id=\"_34176\">\n<div class=\"edit_mask\"><\/div>\n<div class=\"row\">\n<div class=\"col-sm-12\" id=\"field_container\">\n<div class=\"row\">\n<div class=\"col-sm-12 input_container\">\n<div class=\"the_input_element align_center\" data-math-equation=\"\" data-original-math-equation=\"\" data-decimal-places=\"0\">Thank you.<\/p>\n<p> We will be honored by your participation. <br \/>We have sent you a confirmation email with all the information, please check your e-mail box.<\/div>\n<div style=\"clear:both\"><\/div><\/div><\/div><\/div><\/div><\/div>\n<\/div>\n<\/div>\n<\/div>\n<div data-timer-start=\"1\" data-timer-end=\"0\" class=\"inner-canvas-container ui-nex-forms-container ui-nex-forms-container-fe  bootstrap\" id=\"ui-nex-forms-container-3\"  >\n<div class=\"current_step\" style=\"display:none;\">1<\/div>\n<div class=\"last_visited_step\" style=\"display:none;\">1<\/div>\n<div class=\"nex-forms-header-footer nex-forms-header timer_inline timer_right\"><\/div>\n<div id=\"the_plugin_url\" style=\"display:none;\">https:\/\/bkmteknoloji.com\/wp-content\/plugins\/nex-forms-premium<\/div>\n<div id=\"nf_save_form_progress\" style=\"display:none;\">false<\/div>\n<div id=\"confirmation_page\" class=\"confirmation_page\" style=\"display:none;\"><\/div>\n<div id=\"on_form_submmision\" class=\"on_form_submmision\" style=\"display:none;\">message<\/div>\n<div class=\"hidden\" id=\"nf_ajax_url\" style=\"display:none;\">https:\/\/bkmteknoloji.com\/wp-admin\/admin-ajax.php<\/div>\n<div class=\"hidden\" id=\"paypal_return_url\" style=\"display:none;\">https:\/\/bkmteknoloji.com\/en_us\/wp-json\/wp\/v2\/pages\/480<\/div>\n<div class=\"hidden\" id=\"ms_scroll_to_top\" style=\"display:none;\">yes<\/div>\n<div class=\"v7_container form_type_normal\" style=\"box-shadow: #00000033 0px 7px 16px 0px; border-width: 0px; background: url('https:\/\/bkmteknoloji.com\/wp-content\/uploads\/2024\/02\/BKM-Lansman-LCV.png') 50% 0% \/ cover no-repeat #ffffff; padding: 20px 40px 20px 50px; border-color: #95afa2b3; width: 80%;\">\n<div class=\"current_field_on_focus\" style=\"display:none\">1<\/div>\n<form id=\"3\" class=\"submit-nex-form nex-forms-3\" data-form-id=\"3\" name=\"nex_form\" action=\"https:\/\/bkmteknoloji.com\/wp-admin\/admin-ajax.php\" method=\"post\" enctype=\"multipart\/form-data\">\n<div class=\"step_transition_in\" style=\"display:none;\">fadeIn<\/div>\n<div class=\"step_transition_out\" style=\"display:none;\">fadeOut<\/div>\n<p><input type=\"hidden\" name=\"nex_forms_Id\" value=\"3\"><input type=\"hidden\" name=\"page\" value=\"\/en_us\/wp-json\/wp\/v2\/pages\/480\"><input type=\"hidden\" name=\"ip\" value=\"216.73.217.83\"><input type=\"hidden\" name=\"nf_page_id\" value=\"\"><input type=\"hidden\" name=\"nf_page_title\" value=\"\"><input type=\"text\" name=\"company_url\" value=\"\" placeholder=\"enter company url\" class=\"form-control req\"><\/p>\n<div class=\"form_field hidden pill\" data-id=\"_15586\" id=\"_15586\">\n\t\t\t\t\t\t\t\t<input class=\"ms_current_step\" value=\"1\" name=\"ms_current_step\" type=\"hidden\">\n\t\t\t\t\t\t\t<\/div>\n<link id=\"lobster\" type=\"text\/css\" rel=\"stylesheet\" href=\"https:\/\/fonts.googleapis.com\/css?family=Lobster\" class=\"\"><link id=\"arvo\" type=\"text\/css\" rel=\"stylesheet\" href=\"https:\/\/fonts.googleapis.com\/css?family=Arvo\" class=\"\"><link id=\"yanone_kaffeesatz\" type=\"text\/css\" rel=\"stylesheet\" href=\"https:\/\/fonts.googleapis.com\/css?family=Yanone Kaffeesatz\" class=\"\">\n<div class=\"grid-system-2 pill is_grid\" style=\"position: relative;top: 0px\" data-id=\"_37322\" id=\"_37322\" data-grid-name=\"Lansman Bilgileri\">\n<div class=\"row grid_row\">\n<div class=\"grid_input_holder id-_37322  col-sm-12 grid-target-0\" data-grid-width=\"12\" data-grid-num=\"0\">\n<div class=\"field_spacer\" style=\"position: relative;top: 0px;left: 0px;height: 15px\" data-id=\"_55495\" id=\"_15587\">\n<div class=\"field_spacer\"><\/div>\n<\/div>\n<div class=\"grid-system-2 pill is_grid\" style=\"margin-bottom: 10px\" id=\"_96180\" data-grid-name=\"Logolar\">\n<div class=\"row grid_row\">\n<div class=\"grid_input_holder id-_96180  col-sm-6 grid-target-0\" data-grid-width=\"6\" data-grid-num=\"0\">\n<div class=\"form_field all_fields html_image html_image html_fields pill\" style=\"margin-bottom: 15px;position: relative;top: 0px\" id=\"_2019\">\n<div class=\"row\">\n<div class=\"col-sm-12\" id=\"field_container\" style=\"padding-left: 0px;padding-right: 0px\">\n<div class=\"row\">\n<div class=\"col-sm-12 input_container align_center\">\n<div class=\"image_container empty\" style=\"display: none\"><span class=\"far fa-image\"><\/span><\/div>\n<p><img loading=\"lazy\" decoding=\"async\" src=\"https:\/\/bkmteknoloji.com\/wp-content\/uploads\/2024\/02\/bkm_eski_logo_tasarimi.png\" class=\"html-image-obj ui-resizable\" data-original-height=\"1774\" data-original-width=\"2613\" alt=\"\" width=\"2613\" height=\"1774\" style=\"margin: 0px;position: static;display: block;height: 100px;width: 150px\"><\/div>\n<\/div>\n<\/div>\n<\/div>\n<\/div>\n<\/div>\n<div class=\"grid_input_holder id-_96180  col-sm-6 grid-target-1\" data-grid-width=\"6\" data-grid-num=\"1\">\n<div class=\"form_field all_fields html_image html_image html_fields pill\" style=\"margin-bottom: 15px\" id=\"_96520\">\n<div class=\"row\">\n<div class=\"col-sm-12\" id=\"field_container\" style=\"padding-left: 0px;padding-right: 0px\">\n<div class=\"row\">\n<div class=\"col-sm-12 input_container align_center\">\n<div class=\"image_container empty\" style=\"display: none\"><span class=\"far fa-image\"><\/span><\/div>\n<p><img loading=\"lazy\" decoding=\"async\" src=\"https:\/\/bkmteknoloji.com\/wp-content\/uploads\/2024\/02\/logo_kaller.webp\" class=\"html-image-obj ui-resizable\" data-original-height=\"81\" data-original-width=\"325\" alt=\"\" width=\"325\" height=\"81\" style=\"margin: 0px;position: static;display: block;height: 75px;width: 225px\"><\/div>\n<\/div>\n<\/div>\n<\/div>\n<\/div>\n<\/div>\n<\/div>\n<\/div>\n<div class=\"form_field all_fields heading html_fields pill\" style=\"position: relative;top: 0px;margin-bottom: 15px\" data-id=\"_19925\" id=\"_19925\">\n<div class=\"row\">\n<div class=\"col-sm-12\" id=\"field_container\">\n<div class=\"row\">\n<div class=\"col-sm-12 input_container\"><input type=\"hidden\" class=\"set_math_result\" value=\"0\" name=\"math_result\"><\/p>\n<h1 style=\"color: #000000\" data-original-math-equation=\"\" data-math-equation=\"\" class=\"the_input_element style_bold align_center\">You are invited to KALLER Turkey launch.<\/h1>\n<\/div>\n<\/div>\n<\/div>\n<\/div>\n<\/div>\n<div class=\"form_field all_fields paragraph html_fields pill\" style=\"position: relative;top: 0px;left: 0px;margin-bottom: 15px\" data-id=\"_77612\" id=\"_77612\">\n<div class=\"row\">\n<div class=\"col-sm-12\" id=\"field_container\">\n<div class=\"row\">\n<div class=\"col-sm-12 input_container\"><input type=\"hidden\" class=\"set_math_result\" value=\"0\" name=\"math_result\"><\/p>\n<div class=\"the_input_element align_right\" data-math-equation=\"\" data-original-math-equation=\"\" data-decimal-places=\"0\" style=\"color: #000000\">Saturday, March 9, 2024<br \/>10:00 - 16:00<br \/>Crowne Plaza - Bursa Ballroom<\/div>\n<div style=\"clear:both\"><\/div>\n<\/div>\n<\/div>\n<\/div>\n<\/div>\n<\/div>\n<\/div>\n<\/div>\n<\/div>\n<div class=\"form_field all_fields divider html_fields pill\" style=\"position: relative;top: 0px;left: 0px;margin-bottom: 15px\" data-id=\"_25309\" id=\"_25309\">\n<div class=\"row\">\n<div class=\"col-sm-12\" id=\"field_container\" style=\"border-color: #2979ff\">\n<div class=\"row\">\n<div class=\"col-sm-12 input_container\">\n<hr class=\"the_input_element\" style=\"border-color: #2979ff;border-width: 1px\"><\/div>\n<\/div>\n<\/div>\n<\/div>\n<\/div>\n<div class=\"form_field all_fields paragraph html_fields pill\" style=\"position: relative;top: 0px;left: 0px;margin-bottom: 15px\" data-id=\"_71906\" id=\"_71906\">\n<div class=\"row\">\n<div class=\"col-sm-12\" id=\"field_container\">\n<div class=\"row\">\n<div class=\"col-sm-12 input_container\"><input type=\"hidden\" class=\"set_math_result\" value=\"0\" name=\"math_result\"><\/p>\n<div class=\"the_input_element style_bold align_center\" data-math-equation=\"\" data-original-math-equation=\"\" data-decimal-places=\"0\" style=\"color: #000000\">Thank you for your participation in our launch. Please fill in the information below and send it to us.<\/div>\n<div style=\"clear:both\"><\/div>\n<\/div>\n<\/div>\n<\/div>\n<\/div>\n<\/div>\n<div class=\"form_field all_fields divider html_fields pill\" style=\"position: relative;top: 0px;margin-bottom: 15px\" data-id=\"_25309\" id=\"_76689\">\n<div class=\"row\">\n<div class=\"col-sm-12\" id=\"field_container\" style=\"border-color: #2979ff\">\n<div class=\"row\">\n<div class=\"col-sm-12 input_container\">\n<hr class=\"the_input_element\" style=\"border-color: #2979ff;border-width: 1px\"><\/div>\n<\/div>\n<\/div>\n<\/div>\n<\/div>\n<div class=\"form_field all_fields heading html_fields pill\" style=\"position: relative;top: 0px;left: 0px;margin-bottom: 15px\" data-id=\"_36317\" id=\"_36317\">\n<div class=\"row\">\n<div class=\"col-sm-12\" id=\"field_container\">\n<div class=\"row\">\n<div class=\"col-sm-12 input_container\"><input type=\"hidden\" class=\"set_math_result\" value=\"0\" name=\"math_result\"><\/p>\n<h3 style=\"color: #000000\" data-original-math-equation=\"\" data-math-equation=\"\" class=\"the_input_element style_bold\">Participant Information<\/h3>\n<\/div>\n<\/div>\n<\/div>\n<\/div>\n<\/div>\n<div class=\"grid-system-2 has_prefix_icon pill is_grid\" style=\"position: relative;top: 0px;left: 0px\" data-id=\"_50181\" id=\"_50181\">\n<div class=\"row grid_row\">\n<div class=\"grid_input_holder id-_50181  col-sm-12 grid-target-0\" data-grid-width=\"12\" data-grid-num=\"0\">\n<div class=\"form_field all_fields name preset_fields required pill\" style=\"position: relative;top: 0px;left: 0px;margin-bottom: 15px\" data-id=\"_24451\" id=\"_24451\">\n<div class=\"row\">\n<div class=\"col-sm-12\" id=\"field_container\">\n<div class=\"row\" id=\"abId0.9522313147699157\">\n<div class=\"col-sm-12  label_container align_let\"><label class=\"nf_title\"><span class=\"the_label\" style=\"font-size: 13px;color: #000000\">*Company Name<\/span><\/label><\/div>\n<div class=\"col-sm-12  input_container\" id=\"abId0.7230545612030972\"><input type=\"text\" name=\"firma_ad\u0131\" class=\"error_message required  form-control the_input_element  aling_left\" data-onfocus-color=\"#66AFE9\" data-drop-focus-swadow=\"1\" data-placement=\"bottom\" data-content=\"Required\" title=\"\" data-secondary-message=\"\" style=\"font-size: 13px;color: #000000\"><\/div>\n<\/div>\n<\/div>\n<\/div>\n<\/div>\n<div class=\"form_field all_fields email email preset_fields required has_prefix_icon pill\" style=\"position: relative;top: 0px;left: 0px;margin-bottom: 15px\" data-id=\"_20370\" id=\"_20370\">\n<div class=\"row\">\n<div class=\"col-sm-12\" id=\"field_container\">\n<div class=\"row\" id=\"abId0.9358775877288179\">\n<div class=\"col-sm-12  label_container align_let\"><label class=\"nf_title\"><span class=\"the_label\" style=\"font-size: 13px;color: #000000\">*Email<\/span><\/label><\/div>\n<div class=\"col-sm-12  input_container\" id=\"abId0.07642258912863209\">\n<div class=\"input-group\" id=\"abId0.7662475774843407\"><span class=\"input-group-addon prefix\"><span class=\"fa fa-envelope\" style=\"font-size: 17px\"><\/span><\/span><input type=\"text\" name=\"email\" class=\"error_message required email form-control the_input_element  aling_left\" data-onfocus-color=\"#66AFE9\" data-drop-focus-swadow=\"1\" data-placement=\"bottom\" data-content=\"Required\" title=\"\" data-secondary-message=\"Invalid email address\" style=\"font-size: 13px\"><\/div>\n<\/div>\n<\/div>\n<\/div>\n<\/div>\n<\/div>\n<div class=\"form_field all_fields phone_number phone_number preset_fields required has_prefix_icon pill\" style=\"position: relative;top: 0px;margin-bottom: 15px\" data-id=\"_48646\" id=\"_48646\">\n<div class=\"row\">\n<div class=\"col-sm-12\" id=\"field_container\">\n<div class=\"row\" id=\"abId0.7300017634668023\">\n<div class=\"col-sm-12  label_container align_let\"><label class=\"nf_title\"><span class=\"the_label\" style=\"font-size: 13px;color: #000000\">*Phone Number<\/span><\/label><\/div>\n<div class=\"col-sm-12  input_container\" id=\"abId0.21326065400597605\">\n<div class=\"input-group\" id=\"abId0.025855777137223424\"><span class=\"input-group-addon prefix\"><span class=\"fa fa-phone\" style=\"font-size: 17px\"><\/span><\/span><input type=\"text\" name=\"telefon_numaras\u0131\" class=\"error_message required phone_number form-control the_input_element  aling_left\" data-onfocus-color=\"#66AFE9\" data-drop-focus-swadow=\"1\" data-placement=\"bottom\" data-content=\"Required\" title=\"\" data-secondary-message=\"Invalid phone number\" style=\"font-size: 13px\"><\/div>\n<\/div>\n<\/div>\n<\/div>\n<\/div>\n<\/div>\n<\/div>\n<\/div>\n<\/div>\n<div class=\"form_field all_fields heading html_fields pill\" style=\"position: relative;top: 0px;left: 0px;margin-bottom: 15px\" data-id=\"_17526\" id=\"_17526\">\n<div class=\"row\">\n<div class=\"col-sm-12\" id=\"field_container\">\n<div class=\"row\">\n<div class=\"col-sm-12 input_container\"><input type=\"hidden\" class=\"set_math_result\" value=\"0\" name=\"math_result\"><\/p>\n<h3 style=\"color: #000000\" data-original-math-equation=\"\" data-math-equation=\"\" class=\"the_input_element style_bold\">Participants<\/h3>\n<\/div>\n<\/div>\n<\/div>\n<\/div>\n<\/div>\n<div class=\"grid-system-2 grid-replication-enabled has_prefix_icon pill is_grid\" data-grid-name=\"Kat\u0131l\u0131mc\u0131lar\" style=\"position: relative;left: 0px;top: 0px\" data-id=\"_41159\" id=\"_41159\">\n<div class=\"row grid_row\" data-replication-limit=\"10\">\n<div class=\"grid_replicate\">\n<div class=\"recreate-grid\"><span class=\"fa fa-plus\"><\/span><\/div>\n<\/div>\n<div class=\"grid_input_holder id-_41159  col-sm-6 grid-target-0\" data-grid-width=\"6\" data-grid-num=\"0\">\n<div class=\"form_field all_fields name preset_fields required has_prefix_icon pill is_focused\" style=\"position: relative;top: 0px;left: 0px;margin-bottom: 15px\" data-id=\"_16422\" id=\"_16422\">\n<div class=\"row\">\n<div class=\"col-sm-12\" id=\"field_container\">\n<div class=\"row\" id=\"abId0.28565175949616495\">\n<div class=\"input_container col-sm-12\" id=\"abId0.2858394762938561\">\n<div class=\"input-group\" id=\"abId0.6348657826892108\"><span class=\"input-group-addon prefix\"><span class=\"fas fa-user-tie\" style=\"font-size: 17px\"><\/span><\/span><input type=\"text\" name=\"ad_soyad\" class=\"error_message required  form-control the_input_element  aling_left\" data-onfocus-color=\"#66AFE9\" data-drop-focus-swadow=\"1\" data-placement=\"bottom\" data-content=\"Required\" title=\"\" data-secondary-message=\"\" style=\"font-size: 13px\" placeholder=\"*Name Surname\"><\/div>\n<\/div>\n<\/div>\n<\/div>\n<\/div>\n<\/div>\n<\/div>\n<div class=\"grid_input_holder id-_41159  col-sm-6 grid-target-1\" data-grid-width=\"6\" data-grid-num=\"1\">\n<div class=\"form_field all_fields select common_fields selection_fields pill\" style=\"position: relative;top: 0px;left: 0px;margin-bottom: 15px\" data-id=\"_74880\" id=\"_74880\">\n<div class=\"row\">\n<div class=\"col-sm-12\" id=\"field_container\">\n<div class=\"row\">\n<div class=\"input_container col-sm-12\"><select name=\"department\" class=\"the_input_element error_message text pre-format form-control  aling_left\" data-content=\"Required\" data-default-selected-value=\"0\" style=\"font-size: 13px\"><option value=\"0\" selected=\"selected\">--- Department ---<\/option><option value=\"\u00dcst Y\u00f6netim\">Senior Management<\/option><option value=\"Y\u00f6netim\">Governance<\/option><option value=\"Ar-Ge\">R&amp;D<\/option><option value=\"Tasar\u0131m\">Design<\/option><option value=\"Sat\u0131\u015f\">Sale<\/option><option value=\"Sat\u0131nalma\">Purchasing<\/option><option value=\"\u0130nsan Kaynaklar\u0131\">Human Resources<\/option><option value=\"Di\u011fer\">Other<\/option><\/select><\/div>\n<\/div>\n<\/div>\n<\/div>\n<\/div>\n<\/div>\n<\/div>\n<\/div>\n<div class=\"grid-system-2 pill is_grid\" data-id=\"_74964\" id=\"_74964\">\n<div class=\"row grid_row\">\n<div class=\"grid_input_holder id-_74964  col-sm-12 grid-target-0\" data-grid-width=\"12\" data-grid-num=\"0\">\n<div class=\"form_field all_fields submit-button the_submit button_fields common_fields preset_fields special_fields selection_fields pill\" style=\"position: relative;top: 0px;left: 0px;margin-bottom: 15px\" data-id=\"_85595\" id=\"_85595\">\n<div class=\"row\">\n<div class=\"col-sm-12\" id=\"field_container\">\n<div class=\"row\">\n<div class=\"col-sm-12 input_container\"><button class=\"nex-submit svg_ready the_input_element btn btn-default col-sm-12\" data-ga=\"\" style=\"border-color: #3d85c6;color: #ffffff;background-color: #16537e\">Send<\/button><\/div>\n<\/div>\n<\/div>\n<\/div>\n<\/div>\n<\/div>\n<\/div>\n<\/div>\n<\/form>\n<\/div>\n<\/div>\n<\/div>\n<\/div>\n<\/div>\n<style type=\"text\/css\" class=\"nex-forms-custom-css\"><\/style>\n<\/div>\n\t\t<\/div><\/div><\/div><\/div><\/div><\/div>","protected":false},"excerpt":{"rendered":"<p>Te\u015fekk\u00fcr Ederiz. Kat\u0131l\u0131m\u0131n\u0131z bizi onurland\u0131racakt\u0131r. T\u00fcm bilgileri i\u00e7eren bir onay e-postas\u0131n\u0131 size ilettik. L\u00fctfen e-posta kutunuzu kontrol ediniz. 1 1 https:\/\/bkmteknoloji.com\/wp-content\/plugins\/nex-forms-premium false message https:\/\/bkmteknoloji.com\/wp-admin\/admin-ajax.php https:\/\/bkmteknoloji.com\/en_us\/wp-json\/wp\/v2\/pages\/480 yes 1 fadeIn fadeOut KALLER T\u00fcrkiye lansman\u0131na davetlisiniz. 9 Mart 2024 Cumartesi10:00 &#8211; 16:00Crowne Plaza &#8211; Bursa Balo Salonu Lansman\u0131m\u0131za kat\u0131l\u0131m\u0131n\u0131z i\u00e7in te\u015fekk\u00fcr ederiz. L\u00fctfen a\u015fa\u011f\u0131daki bilgileri doldurup, bize iletiniz.&hellip;<\/p>","protected":false},"author":3,"featured_media":0,"parent":0,"menu_order":0,"comment_status":"closed","ping_status":"closed","template":"","meta":{"footnotes":""},"class_list":["post-480","page","type-page","status-publish","hentry","description-off"],"yoast_head":"<!-- This site is optimized with the Yoast SEO plugin v26.0 - https:\/\/yoast.com\/wordpress\/plugins\/seo\/ -->\n<title>BKM | Kaller Lansman LCV - BKM Teknoloji<\/title>\n<meta name=\"robots\" content=\"index, follow, max-snippet:-1, max-image-preview:large, max-video-preview:-1\" \/>\n<link rel=\"canonical\" href=\"https:\/\/bkmteknoloji.com\/en_us\/bkm-kaller-lansman-lcv\/\" \/>\n<meta property=\"og:locale\" content=\"en_US\" \/>\n<meta property=\"og:type\" content=\"article\" \/>\n<meta property=\"og:title\" content=\"BKM | Kaller Lansman LCV - BKM Teknoloji\" \/>\n<meta property=\"og:url\" content=\"https:\/\/bkmteknoloji.com\/en_us\/bkm-kaller-lansman-lcv\/\" \/>\n<meta property=\"og:site_name\" content=\"BKM Teknoloji\" \/>\n<meta property=\"article:modified_time\" content=\"2024-02-14T08:51:59+00:00\" \/>\n<meta name=\"twitter:card\" content=\"summary_large_image\" \/>\n<meta name=\"twitter:label1\" content=\"Est. reading time\" \/>\n\t<meta name=\"twitter:data1\" content=\"1 minute\" \/>\n<script type=\"application\/ld+json\" class=\"yoast-schema-graph\">{\"@context\":\"https:\/\/schema.org\",\"@graph\":[{\"@type\":\"WebPage\",\"@id\":\"https:\/\/bkmteknoloji.com\/bkm-kaller-lansman-lcv\/\",\"url\":\"https:\/\/bkmteknoloji.com\/bkm-kaller-lansman-lcv\/\",\"name\":\"BKM | Kaller Lansman LCV - BKM Teknoloji\",\"isPartOf\":{\"@id\":\"https:\/\/bkmteknoloji.com\/#website\"},\"datePublished\":\"2024-02-14T06:42:25+00:00\",\"dateModified\":\"2024-02-14T08:51:59+00:00\",\"breadcrumb\":{\"@id\":\"https:\/\/bkmteknoloji.com\/bkm-kaller-lansman-lcv\/#breadcrumb\"},\"inLanguage\":\"en-US\",\"potentialAction\":[{\"@type\":\"ReadAction\",\"target\":[\"https:\/\/bkmteknoloji.com\/bkm-kaller-lansman-lcv\/\"]}]},{\"@type\":\"BreadcrumbList\",\"@id\":\"https:\/\/bkmteknoloji.com\/bkm-kaller-lansman-lcv\/#breadcrumb\",\"itemListElement\":[{\"@type\":\"ListItem\",\"position\":1,\"name\":\"Home\",\"item\":\"https:\/\/bkmteknoloji.com\/\"},{\"@type\":\"ListItem\",\"position\":2,\"name\":\"BKM | Kaller Lansman LCV\"}]},{\"@type\":\"WebSite\",\"@id\":\"https:\/\/bkmteknoloji.com\/#website\",\"url\":\"https:\/\/bkmteknoloji.com\/\",\"name\":\"BKM Teknoloji\",\"description\":\"Bursa\",\"potentialAction\":[{\"@type\":\"SearchAction\",\"target\":{\"@type\":\"EntryPoint\",\"urlTemplate\":\"https:\/\/bkmteknoloji.com\/?s={search_term_string}\"},\"query-input\":{\"@type\":\"PropertyValueSpecification\",\"valueRequired\":true,\"valueName\":\"search_term_string\"}}],\"inLanguage\":\"en-US\"}]}<\/script>\n<!-- \/ Yoast SEO plugin. -->","yoast_head_json":{"title":"BKM | Kaller Lansman LCV - BKM Teknoloji","robots":{"index":"index","follow":"follow","max-snippet":"max-snippet:-1","max-image-preview":"max-image-preview:large","max-video-preview":"max-video-preview:-1"},"canonical":"https:\/\/bkmteknoloji.com\/en_us\/bkm-kaller-lansman-lcv\/","og_locale":"en_US","og_type":"article","og_title":"BKM | Kaller Lansman LCV - BKM Teknoloji","og_url":"https:\/\/bkmteknoloji.com\/en_us\/bkm-kaller-lansman-lcv\/","og_site_name":"BKM Teknoloji","article_modified_time":"2024-02-14T08:51:59+00:00","twitter_card":"summary_large_image","twitter_misc":{"Est. reading time":"1 minute"},"schema":{"@context":"https:\/\/schema.org","@graph":[{"@type":"WebPage","@id":"https:\/\/bkmteknoloji.com\/bkm-kaller-lansman-lcv\/","url":"https:\/\/bkmteknoloji.com\/bkm-kaller-lansman-lcv\/","name":"BKM | Kaller Lansman LCV - BKM Teknoloji","isPartOf":{"@id":"https:\/\/bkmteknoloji.com\/#website"},"datePublished":"2024-02-14T06:42:25+00:00","dateModified":"2024-02-14T08:51:59+00:00","breadcrumb":{"@id":"https:\/\/bkmteknoloji.com\/bkm-kaller-lansman-lcv\/#breadcrumb"},"inLanguage":"en-US","potentialAction":[{"@type":"ReadAction","target":["https:\/\/bkmteknoloji.com\/bkm-kaller-lansman-lcv\/"]}]},{"@type":"BreadcrumbList","@id":"https:\/\/bkmteknoloji.com\/bkm-kaller-lansman-lcv\/#breadcrumb","itemListElement":[{"@type":"ListItem","position":1,"name":"Home","item":"https:\/\/bkmteknoloji.com\/"},{"@type":"ListItem","position":2,"name":"BKM | Kaller Lansman LCV"}]},{"@type":"WebSite","@id":"https:\/\/bkmteknoloji.com\/#website","url":"https:\/\/bkmteknoloji.com\/","name":"BKM Technology","description":"Bursa","potentialAction":[{"@type":"SearchAction","target":{"@type":"EntryPoint","urlTemplate":"https:\/\/bkmteknoloji.com\/?s={search_term_string}"},"query-input":{"@type":"PropertyValueSpecification","valueRequired":true,"valueName":"search_term_string"}}],"inLanguage":"en-US"}]}},"_links":{"self":[{"href":"https:\/\/bkmteknoloji.com\/en_us\/wp-json\/wp\/v2\/pages\/480","targetHints":{"allow":["GET"]}}],"collection":[{"href":"https:\/\/bkmteknoloji.com\/en_us\/wp-json\/wp\/v2\/pages"}],"about":[{"href":"https:\/\/bkmteknoloji.com\/en_us\/wp-json\/wp\/v2\/types\/page"}],"author":[{"embeddable":true,"href":"https:\/\/bkmteknoloji.com\/en_us\/wp-json\/wp\/v2\/users\/3"}],"replies":[{"embeddable":true,"href":"https:\/\/bkmteknoloji.com\/en_us\/wp-json\/wp\/v2\/comments?post=480"}],"version-history":[{"count":4,"href":"https:\/\/bkmteknoloji.com\/en_us\/wp-json\/wp\/v2\/pages\/480\/revisions"}],"predecessor-version":[{"id":484,"href":"https:\/\/bkmteknoloji.com\/en_us\/wp-json\/wp\/v2\/pages\/480\/revisions\/484"}],"wp:attachment":[{"href":"https:\/\/bkmteknoloji.com\/en_us\/wp-json\/wp\/v2\/media?parent=480"}],"curies":[{"name":"wp","href":"https:\/\/api.w.org\/{rel}","templated":true}]}}